{"id":179,"date":"2024-01-21T22:17:17","date_gmt":"2024-01-21T22:17:17","guid":{"rendered":"http:\/\/atlasisguvenligi.com\/?post_type=product&#038;p=179"},"modified":"2024-03-18T09:15:03","modified_gmt":"2024-03-18T09:15:03","slug":"bestguard-obi-cirtli-is-ayakkabisi","status":"publish","type":"product","link":"https:\/\/atlasisguvenligi.com\/?product=bestguard-obi-cirtli-is-ayakkabisi","title":{"rendered":"Bestguard Obi C\u0131rtl\u0131 \u0130\u015f Ayakkab\u0131s\u0131 S1P"},"content":{"rendered":"<p>\u00c7elik burun \u00e7elik ara tabanl\u0131<\/p>\n<p>s\u00fcet deri<\/p>\n<p>nefes alabilir astar<\/p>\n<p>EN ISO 20345 : 2011<\/p>\n","protected":false},"excerpt":{"rendered":"<p>\u00c7elik burun \u00e7elik ara tabanl\u0131 s\u00fcet deri nefes alabilir astar EN ISO 20345 : 2011<\/p>\n","protected":false},"featured_media":180,"comment_status":"open","ping_status":"closed","template":"","meta":{"_kad_post_transparent":"default","_kad_post_title":"","_kad_post_layout":"default","_kad_post_sidebar_id":"","_kad_post_content_style":"default","_kad_post_vertical_padding":"default","_kad_post_feature":"","_kad_post_feature_position":"","_kad_post_header":false,"_kad_post_footer":false},"product_cat":[20],"product_tag":[],"class_list":{"0":"post-179","1":"product","2":"type-product","3":"status-publish","4":"has-post-thumbnail","6":"product_cat-ayak-koruma","8":"first","9":"instock","10":"taxable","11":"shipping-taxable","12":"product-type-simple","13":"entry","14":"content-bg","15":"loop-entry"},"_links":{"self":[{"href":"https:\/\/atlasisguvenligi.com\/index.php?rest_route=\/wp\/v2\/product\/179","targetHints":{"allow":["GET"]}}],"collection":[{"href":"https:\/\/atlasisguvenligi.com\/index.php?rest_route=\/wp\/v2\/product"}],"about":[{"href":"https:\/\/atlasisguvenligi.com\/index.php?rest_route=\/wp\/v2\/types\/product"}],"replies":[{"embeddable":true,"href":"https:\/\/atlasisguvenligi.com\/index.php?rest_route=%2Fwp%2Fv2%2Fcomments&post=179"}],"wp:featuredmedia":[{"embeddable":true,"href":"https:\/\/atlasisguvenligi.com\/index.php?rest_route=\/wp\/v2\/media\/180"}],"wp:attachment":[{"href":"https:\/\/atlasisguvenligi.com\/index.php?rest_route=%2Fwp%2Fv2%2Fmedia&parent=179"}],"wp:term":[{"taxonomy":"product_cat","embeddable":true,"href":"https:\/\/atlasisguvenligi.com\/index.php?rest_route=%2Fwp%2Fv2%2Fproduct_cat&post=179"},{"taxonomy":"product_tag","embeddable":true,"href":"https:\/\/atlasisguvenligi.com\/index.php?rest_route=%2Fwp%2Fv2%2Fproduct_tag&post=179"}],"curies":[{"name":"wp","href":"https:\/\/api.w.org\/{rel}","templated":true}]}}