{"id":283,"date":"2024-03-14T09:58:17","date_gmt":"2024-03-14T09:58:17","guid":{"rendered":"http:\/\/atlasisguvenligi.com\/?post_type=product&#038;p=283"},"modified":"2024-04-28T12:02:32","modified_gmt":"2024-04-28T12:02:32","slug":"bestguard-volga-kompozit-s3-ayakkabi-24-1","status":"publish","type":"product","link":"https:\/\/atlasisguvenligi.com\/?product=bestguard-volga-kompozit-s3-ayakkabi-24-1","title":{"rendered":"Bestguard Volga Kompozit  \u0130\u015f Ayakkab\u0131s\u0131"},"content":{"rendered":"<p>Bestguard \u0130\u015e Ayakkab\u0131s\u0131 S3<\/p>\n<p>Kompozit burunlu kevler ara taban<\/p>\n<p>Nubuk deri<\/p>\n<p>Suya ve a\u015f\u0131nmaya dayan\u0131kl\u0131<\/p>\n<p>EN ISO 20345 : 2011<\/p>\n","protected":false},"excerpt":{"rendered":"<p>Bestguard \u0130\u015e Ayakkab\u0131s\u0131 S3 Kompozit burunlu kevler ara taban Nubuk deri Suya ve a\u015f\u0131nmaya dayan\u0131kl\u0131 EN ISO 20345 : 2011<\/p>\n","protected":false},"featured_media":284,"comment_status":"open","ping_status":"closed","template":"","meta":{"_kad_post_transparent":"default","_kad_post_title":"","_kad_post_layout":"default","_kad_post_sidebar_id":"","_kad_post_content_style":"default","_kad_post_vertical_padding":"default","_kad_post_feature":"","_kad_post_feature_position":"","_kad_post_header":false,"_kad_post_footer":false},"product_cat":[20],"product_tag":[],"class_list":{"0":"post-283","1":"product","2":"type-product","3":"status-publish","4":"has-post-thumbnail","6":"product_cat-ayak-koruma","8":"first","9":"instock","10":"taxable","11":"shipping-taxable","12":"product-type-simple","13":"entry","14":"content-bg","15":"loop-entry"},"_links":{"self":[{"href":"https:\/\/atlasisguvenligi.com\/index.php?rest_route=\/wp\/v2\/product\/283","targetHints":{"allow":["GET"]}}],"collection":[{"href":"https:\/\/atlasisguvenligi.com\/index.php?rest_route=\/wp\/v2\/product"}],"about":[{"href":"https:\/\/atlasisguvenligi.com\/index.php?rest_route=\/wp\/v2\/types\/product"}],"replies":[{"embeddable":true,"href":"https:\/\/atlasisguvenligi.com\/index.php?rest_route=%2Fwp%2Fv2%2Fcomments&post=283"}],"wp:featuredmedia":[{"embeddable":true,"href":"https:\/\/atlasisguvenligi.com\/index.php?rest_route=\/wp\/v2\/media\/284"}],"wp:attachment":[{"href":"https:\/\/atlasisguvenligi.com\/index.php?rest_route=%2Fwp%2Fv2%2Fmedia&parent=283"}],"wp:term":[{"taxonomy":"product_cat","embeddable":true,"href":"https:\/\/atlasisguvenligi.com\/index.php?rest_route=%2Fwp%2Fv2%2Fproduct_cat&post=283"},{"taxonomy":"product_tag","embeddable":true,"href":"https:\/\/atlasisguvenligi.com\/index.php?rest_route=%2Fwp%2Fv2%2Fproduct_tag&post=283"}],"curies":[{"name":"wp","href":"https:\/\/api.w.org\/{rel}","templated":true}]}}