{"id":367,"date":"2024-03-14T12:21:48","date_gmt":"2024-03-14T12:21:48","guid":{"rendered":"http:\/\/atlasisguvenligi.com\/?post_type=product&#038;p=367"},"modified":"2024-05-21T20:20:38","modified_gmt":"2024-05-21T20:20:38","slug":"blob-7001096","status":"publish","type":"product","link":"https:\/\/atlasisguvenligi.com\/?product=blob-7001096","title":{"rendered":"BM 02 PRO FFP1 Ventilli Profosyonel Maske"},"content":{"rendered":"<p>BLN BM02 FFP1 V MASKE<\/p>\n<p>BM 02 PRO FFP1 NR Profesyonel Filtreli Solunum Maskesi, \u00e7al\u0131\u015fanlar\u0131n u\u00e7ucu olmayan kat\u0131 ve \/ veya s\u0131v\u0131 par\u00e7ac\u0131klara (toz, sis, duman) maruz kald\u0131\u011f\u0131 end\u00fcstriyel ortamlarda, etkili solunum korumas\u0131 sa\u011flar.<\/p>\n<p>S\u0131zd\u0131rmazl\u0131k artt\u0131r\u0131c\u0131 Pro Aparat esnek plastikten yap\u0131lm\u0131\u015ft\u0131r. Pro Aparat \u00e7oklu kullan\u0131ma ve y\u0131kamaya uygun tasarlanm\u0131\u015ft\u0131r. Ayr\u0131ca kullan\u0131c\u0131n\u0131n rahatl\u0131\u011f\u0131 ve g\u00fcvenli\u011fi i\u00e7in ayarlanabilir elastik ba\u015f band\u0131 bulunmaktad\u0131r.<\/p>\n<p>De\u011fi\u015ftirilebilir maske g\u00f6vdesinin konik ve aktif formu sayesinde otomatik olarak y\u00fcze uyum sa\u011flar. Ayr\u0131ca burun ile maske g\u00f6vdesi aras\u0131nda bulunan yumu\u015fak s\u0131zd\u0131rmazl\u0131k contas\u0131 sayesinde g\u00f6zl\u00fck ile kullan\u0131mlarda maksimum rahatl\u0131k sa\u011flamaktad\u0131r. Kullan\u0131m s\u0131ras\u0131nda olu\u015fan nem ve CO2, maskede bulunan ventil sayesinde solunum direncini artt\u0131rmadan tahliye edilir.<\/p>\n","protected":false},"excerpt":{"rendered":"<p>BLN BM02 FFP1 V MASKE BM 02 PRO FFP1 NR Profesyonel Filtreli Solunum Maskesi, \u00e7al\u0131\u015fanlar\u0131n u\u00e7ucu olmayan kat\u0131 ve \/ veya s\u0131v\u0131 par\u00e7ac\u0131klara (toz, sis, duman) maruz kald\u0131\u011f\u0131 end\u00fcstriyel ortamlarda, etkili solunum korumas\u0131 sa\u011flar. S\u0131zd\u0131rmazl\u0131k artt\u0131r\u0131c\u0131 Pro Aparat esnek plastikten yap\u0131lm\u0131\u015ft\u0131r. Pro Aparat \u00e7oklu kullan\u0131ma ve y\u0131kamaya uygun tasarlanm\u0131\u015ft\u0131r. Ayr\u0131ca kullan\u0131c\u0131n\u0131n rahatl\u0131\u011f\u0131 ve g\u00fcvenli\u011fi i\u00e7in&#8230;<\/p>\n","protected":false},"featured_media":368,"comment_status":"open","ping_status":"closed","template":"","meta":{"_kad_post_transparent":"default","_kad_post_title":"","_kad_post_layout":"default","_kad_post_sidebar_id":"","_kad_post_content_style":"default","_kad_post_vertical_padding":"default","_kad_post_feature":"","_kad_post_feature_position":"","_kad_post_header":false,"_kad_post_footer":false},"product_cat":[16],"product_tag":[],"class_list":{"0":"post-367","1":"product","2":"type-product","3":"status-publish","4":"has-post-thumbnail","6":"product_cat-maske","8":"first","9":"instock","10":"taxable","11":"shipping-taxable","12":"product-type-simple","13":"entry","14":"content-bg","15":"loop-entry"},"_links":{"self":[{"href":"https:\/\/atlasisguvenligi.com\/index.php?rest_route=\/wp\/v2\/product\/367","targetHints":{"allow":["GET"]}}],"collection":[{"href":"https:\/\/atlasisguvenligi.com\/index.php?rest_route=\/wp\/v2\/product"}],"about":[{"href":"https:\/\/atlasisguvenligi.com\/index.php?rest_route=\/wp\/v2\/types\/product"}],"replies":[{"embeddable":true,"href":"https:\/\/atlasisguvenligi.com\/index.php?rest_route=%2Fwp%2Fv2%2Fcomments&post=367"}],"wp:featuredmedia":[{"embeddable":true,"href":"https:\/\/atlasisguvenligi.com\/index.php?rest_route=\/wp\/v2\/media\/368"}],"wp:attachment":[{"href":"https:\/\/atlasisguvenligi.com\/index.php?rest_route=%2Fwp%2Fv2%2Fmedia&parent=367"}],"wp:term":[{"taxonomy":"product_cat","embeddable":true,"href":"https:\/\/atlasisguvenligi.com\/index.php?rest_route=%2Fwp%2Fv2%2Fproduct_cat&post=367"},{"taxonomy":"product_tag","embeddable":true,"href":"https:\/\/atlasisguvenligi.com\/index.php?rest_route=%2Fwp%2Fv2%2Fproduct_tag&post=367"}],"curies":[{"name":"wp","href":"https:\/\/api.w.org\/{rel}","templated":true}]}}