{"id":420,"date":"2024-03-14T15:19:13","date_gmt":"2024-03-14T15:19:13","guid":{"rendered":"http:\/\/atlasisguvenligi.com\/?post_type=product&#038;p=420"},"modified":"2024-03-14T15:19:13","modified_gmt":"2024-03-14T15:19:13","slug":"yangin-sondurme-tupu-6-kg","status":"publish","type":"product","link":"https:\/\/atlasisguvenligi.com\/?product=yangin-sondurme-tupu-6-kg","title":{"rendered":"Yang\u0131n S\u00f6nd\u00fcrme T\u00fcp\u00fc 6 Kg"},"content":{"rendered":"","protected":false},"excerpt":{"rendered":"","protected":false},"featured_media":421,"comment_status":"open","ping_status":"closed","template":"","meta":{"_kad_post_transparent":"default","_kad_post_title":"","_kad_post_layout":"default","_kad_post_sidebar_id":"","_kad_post_content_style":"default","_kad_post_vertical_padding":"default","_kad_post_feature":"","_kad_post_feature_position":"","_kad_post_header":false,"_kad_post_footer":false},"product_cat":[24],"product_tag":[],"class_list":{"0":"post-420","1":"product","2":"type-product","3":"status-publish","4":"has-post-thumbnail","6":"product_cat-yangin-ve-yanmaz-malzemeler","8":"first","9":"instock","10":"taxable","11":"shipping-taxable","12":"product-type-simple","13":"entry","14":"content-bg","15":"loop-entry"},"_links":{"self":[{"href":"https:\/\/atlasisguvenligi.com\/index.php?rest_route=\/wp\/v2\/product\/420","targetHints":{"allow":["GET"]}}],"collection":[{"href":"https:\/\/atlasisguvenligi.com\/index.php?rest_route=\/wp\/v2\/product"}],"about":[{"href":"https:\/\/atlasisguvenligi.com\/index.php?rest_route=\/wp\/v2\/types\/product"}],"replies":[{"embeddable":true,"href":"https:\/\/atlasisguvenligi.com\/index.php?rest_route=%2Fwp%2Fv2%2Fcomments&post=420"}],"wp:featuredmedia":[{"embeddable":true,"href":"https:\/\/atlasisguvenligi.com\/index.php?rest_route=\/wp\/v2\/media\/421"}],"wp:attachment":[{"href":"https:\/\/atlasisguvenligi.com\/index.php?rest_route=%2Fwp%2Fv2%2Fmedia&parent=420"}],"wp:term":[{"taxonomy":"product_cat","embeddable":true,"href":"https:\/\/atlasisguvenligi.com\/index.php?rest_route=%2Fwp%2Fv2%2Fproduct_cat&post=420"},{"taxonomy":"product_tag","embeddable":true,"href":"https:\/\/atlasisguvenligi.com\/index.php?rest_route=%2Fwp%2Fv2%2Fproduct_tag&post=420"}],"curies":[{"name":"wp","href":"https:\/\/api.w.org\/{rel}","templated":true}]}}