{"id":560,"date":"2024-04-10T18:56:51","date_gmt":"2024-04-10T18:56:51","guid":{"rendered":"https:\/\/atlasisguvenligi.com\/?post_type=product&#038;p=560"},"modified":"2024-04-10T18:56:51","modified_gmt":"2024-04-10T18:56:51","slug":"3m-h700-baret","status":"publish","type":"product","link":"https:\/\/atlasisguvenligi.com\/?product=3m-h700-baret","title":{"rendered":"3M H700 Baret"},"content":{"rendered":"<p>3M H700 Baret<\/p>\n<p>3M\u2122 H-700 emniyet bareti konforlu, dayan\u0131kl\u0131 ve hafiftir. Stabilite ve denge i\u00e7in d\u00fc\u015f\u00fck bir profil ile tasarlanan H-700, \u00fcst\u00fcn konfor ve d\u00fc\u015fen k\u00fc\u00e7\u00fck nesnelerden koruma sunar.<\/p>\n<ul>\n<li>De\u011fi\u015ftirilebilir plastik ter band\u0131<\/li>\n<li>\u0130\u00e7lik 180\u00b0 d\u00f6nd\u00fcr\u00fclerek \u00f6n\u00fc arkadaya gelecek \u015fekilde kullanbilir.<\/li>\n<li>Yukar\u0131 y\u00f6nde daha iyi g\u00f6r\u00fcn\u00fcrl\u00fck i\u00e7in k\u0131sa siperlik<\/li>\n<li>\u0130ste\u011fe ba\u011fl\u0131 6 noktadan s\u00fcspansiyon kay\u0131\u015f\u0131 mevcuttur<\/li>\n<li>-30 \u00b0 C&#8217;de (EN397: 2012) veya -50 \u00b0 C&#8217;de (\u0413\u041e\u0421\u0422 \u0420 \u0415\u041d 397 \/ \u04101-2010) kullan\u0131m i\u00e7in onayland\u0131<\/li>\n<li>A\u011f\u0131rl\u0131k 330g<\/li>\n<\/ul>\n","protected":false},"excerpt":{"rendered":"<p>3M H700 Baret 3M\u2122 H-700 emniyet bareti konforlu, dayan\u0131kl\u0131 ve hafiftir. Stabilite ve denge i\u00e7in d\u00fc\u015f\u00fck bir profil ile tasarlanan H-700, \u00fcst\u00fcn konfor ve d\u00fc\u015fen k\u00fc\u00e7\u00fck nesnelerden koruma sunar. De\u011fi\u015ftirilebilir plastik ter band\u0131 \u0130\u00e7lik 180\u00b0 d\u00f6nd\u00fcr\u00fclerek \u00f6n\u00fc arkadaya gelecek \u015fekilde kullanbilir. Yukar\u0131 y\u00f6nde daha iyi g\u00f6r\u00fcn\u00fcrl\u00fck i\u00e7in k\u0131sa siperlik \u0130ste\u011fe ba\u011fl\u0131 6 noktadan s\u00fcspansiyon kay\u0131\u015f\u0131&#8230;<\/p>\n","protected":false},"featured_media":561,"comment_status":"open","ping_status":"closed","template":"","meta":{"_kad_post_transparent":"default","_kad_post_title":"","_kad_post_layout":"default","_kad_post_sidebar_id":"","_kad_post_content_style":"default","_kad_post_vertical_padding":"default","_kad_post_feature":"","_kad_post_feature_position":"","_kad_post_header":false,"_kad_post_footer":false},"product_cat":[17],"product_tag":[],"class_list":{"0":"post-560","1":"product","2":"type-product","3":"status-publish","4":"has-post-thumbnail","6":"product_cat-bas-koruyucular","8":"first","9":"instock","10":"taxable","11":"shipping-taxable","12":"product-type-simple","13":"entry","14":"content-bg","15":"loop-entry"},"_links":{"self":[{"href":"https:\/\/atlasisguvenligi.com\/index.php?rest_route=\/wp\/v2\/product\/560","targetHints":{"allow":["GET"]}}],"collection":[{"href":"https:\/\/atlasisguvenligi.com\/index.php?rest_route=\/wp\/v2\/product"}],"about":[{"href":"https:\/\/atlasisguvenligi.com\/index.php?rest_route=\/wp\/v2\/types\/product"}],"replies":[{"embeddable":true,"href":"https:\/\/atlasisguvenligi.com\/index.php?rest_route=%2Fwp%2Fv2%2Fcomments&post=560"}],"wp:featuredmedia":[{"embeddable":true,"href":"https:\/\/atlasisguvenligi.com\/index.php?rest_route=\/wp\/v2\/media\/561"}],"wp:attachment":[{"href":"https:\/\/atlasisguvenligi.com\/index.php?rest_route=%2Fwp%2Fv2%2Fmedia&parent=560"}],"wp:term":[{"taxonomy":"product_cat","embeddable":true,"href":"https:\/\/atlasisguvenligi.com\/index.php?rest_route=%2Fwp%2Fv2%2Fproduct_cat&post=560"},{"taxonomy":"product_tag","embeddable":true,"href":"https:\/\/atlasisguvenligi.com\/index.php?rest_route=%2Fwp%2Fv2%2Fproduct_tag&post=560"}],"curies":[{"name":"wp","href":"https:\/\/api.w.org\/{rel}","templated":true}]}}