{"id":565,"date":"2024-04-10T19:41:09","date_gmt":"2024-04-10T19:41:09","guid":{"rendered":"https:\/\/atlasisguvenligi.com\/?post_type=product&#038;p=565"},"modified":"2024-04-10T19:49:44","modified_gmt":"2024-04-10T19:49:44","slug":"3m-optima-ii-h520a-kulaklik","status":"publish","type":"product","link":"https:\/\/atlasisguvenligi.com\/?product=3m-optima-ii-h520a-kulaklik","title":{"rendered":"3M Optima 2  H520A Ba\u015f Bantl\u0131 Kulakl\u0131k"},"content":{"rendered":"<ul>\n<li>3M Optima II H520A KULAKLIK<\/li>\n<li>3M\u2122 Peltor Optime II H520A Kulakl\u0131k y\u00fcksek g\u00fcr\u00fclt\u00fcl\u00fc ortamlarda olu\u015fan g\u00fcr\u00fclt\u00fcleri engellemek i\u00e7in tasarlanm\u0131\u015f.<\/li>\n<li>3M\u2122 kulak koruyucular\u0131ndand\u0131r. Kulaklar\u0131n, rahats\u0131zl\u0131k duyulmadan uzun saatler boyunca konforunu sa\u011flar.<\/li>\n<li>Kulak \u00e7evresini kapatarak gelen g\u00fcr\u00fclt\u00fcy\u00fc minimuma indirerek kulak sa\u011fl\u0131\u011f\u0131n\u0131 korur.<\/li>\n<li>Kolay ta\u015f\u0131n\u0131r \u00f6zellikli, hafif ve ince tasar\u0131ma sahiptir.<\/li>\n<li>Ayarlanabilir ba\u015f band\u0131 ile her ba\u015f yap\u0131s\u0131 ile en do\u011fru uyumu g\u00f6sterir.<\/li>\n<li>31 dB&#8217;lik bir g\u00fcr\u00fclt\u00fc azalma derecesine sahiptir.<\/li>\n<li>94-105 dB aras\u0131 ses \u015fiddeti bulunan ortamlarda y\u00fcksek seviyede koruma sa\u011flar.<\/li>\n<li>Koyu ye\u015fil bir renge sahiptir.<\/li>\n<li>Sadece 210 gramd\u0131r.<\/li>\n<li>Kullan\u0131m alanlar\u0131; genel end\u00fcstri, ziraat ve tar\u0131m i\u015fleri, maden, \u00e7elik konstr\u00fcksiyon, a\u011f\u0131r sanayi, hava alanlar\u0131.<\/li>\n<\/ul>\n<table border=\"0\">\n<tbody>\n<tr>\n<td><b>Teknik \u00d6zellik<\/b><\/td>\n<td><b>A\u00e7\u0131klama<\/b><\/td>\n<\/tr>\n<tr>\n<td>EN Standart\u0131<\/td>\n<td>EN 352<\/td>\n<\/tr>\n<tr>\n<td>Kullan\u0131m alan\u0131\/Sekt\u00f6r<\/td>\n<td>G\u00fcr\u00fclt\u00fcl\u00fc Ortamlar<\/td>\n<\/tr>\n<tr>\n<td>Ses d\u00fc\u015f\u00fcrme seviyesi<\/td>\n<td>31 Desibel<\/td>\n<\/tr>\n<\/tbody>\n<\/table>\n","protected":false},"excerpt":{"rendered":"<p>3M Optima II H520A KULAKLIK 3M\u2122 Peltor Optime II H520A Kulakl\u0131k y\u00fcksek g\u00fcr\u00fclt\u00fcl\u00fc ortamlarda olu\u015fan g\u00fcr\u00fclt\u00fcleri engellemek i\u00e7in tasarlanm\u0131\u015f. 3M\u2122 kulak koruyucular\u0131ndand\u0131r. Kulaklar\u0131n, rahats\u0131zl\u0131k duyulmadan uzun saatler boyunca konforunu sa\u011flar. Kulak \u00e7evresini kapatarak gelen g\u00fcr\u00fclt\u00fcy\u00fc minimuma indirerek kulak sa\u011fl\u0131\u011f\u0131n\u0131 korur. Kolay ta\u015f\u0131n\u0131r \u00f6zellikli, hafif ve ince tasar\u0131ma sahiptir. Ayarlanabilir ba\u015f band\u0131 ile her ba\u015f yap\u0131s\u0131&#8230;<\/p>\n","protected":false},"featured_media":566,"comment_status":"open","ping_status":"closed","template":"","meta":{"_kad_post_transparent":"default","_kad_post_title":"","_kad_post_layout":"default","_kad_post_sidebar_id":"","_kad_post_content_style":"default","_kad_post_vertical_padding":"default","_kad_post_feature":"","_kad_post_feature_position":"","_kad_post_header":false,"_kad_post_footer":false},"product_cat":[35],"product_tag":[],"class_list":{"0":"post-565","1":"product","2":"type-product","3":"status-publish","4":"has-post-thumbnail","6":"product_cat-kulak-koruyucular","8":"first","9":"instock","10":"taxable","11":"shipping-taxable","12":"product-type-simple","13":"entry","14":"content-bg","15":"loop-entry"},"_links":{"self":[{"href":"https:\/\/atlasisguvenligi.com\/index.php?rest_route=\/wp\/v2\/product\/565","targetHints":{"allow":["GET"]}}],"collection":[{"href":"https:\/\/atlasisguvenligi.com\/index.php?rest_route=\/wp\/v2\/product"}],"about":[{"href":"https:\/\/atlasisguvenligi.com\/index.php?rest_route=\/wp\/v2\/types\/product"}],"replies":[{"embeddable":true,"href":"https:\/\/atlasisguvenligi.com\/index.php?rest_route=%2Fwp%2Fv2%2Fcomments&post=565"}],"wp:featuredmedia":[{"embeddable":true,"href":"https:\/\/atlasisguvenligi.com\/index.php?rest_route=\/wp\/v2\/media\/566"}],"wp:attachment":[{"href":"https:\/\/atlasisguvenligi.com\/index.php?rest_route=%2Fwp%2Fv2%2Fmedia&parent=565"}],"wp:term":[{"taxonomy":"product_cat","embeddable":true,"href":"https:\/\/atlasisguvenligi.com\/index.php?rest_route=%2Fwp%2Fv2%2Fproduct_cat&post=565"},{"taxonomy":"product_tag","embeddable":true,"href":"https:\/\/atlasisguvenligi.com\/index.php?rest_route=%2Fwp%2Fv2%2Fproduct_tag&post=565"}],"curies":[{"name":"wp","href":"https:\/\/api.w.org\/{rel}","templated":true}]}}