{"id":576,"date":"2024-04-10T20:31:27","date_gmt":"2024-04-10T20:31:27","guid":{"rendered":"https:\/\/atlasisguvenligi.com\/?post_type=product&#038;p=576"},"modified":"2024-04-10T20:31:27","modified_gmt":"2024-04-10T20:31:27","slug":"3m-1100-kulak-tikaci","status":"publish","type":"product","link":"https:\/\/atlasisguvenligi.com\/?product=3m-1100-kulak-tikaci","title":{"rendered":"3M 1100 Kulak T\u0131kac\u0131"},"content":{"rendered":"<div id=\"mobileTabBtn\" class=\"fl col-12\">\n<ul id=\"tabBtn\" class=\"fl col-12 anatomi_dropdown\">\n<li id=\"fastMessageTab\" class=\"pos-r btn mr double\" data-href=\"\/srv\/service\/content\/get\/1004\/hizli-mesaj\/5835-1\">3M 1100 200 L\u00dcK PAKET<\/li>\n<\/ul>\n<\/div>\n<div class=\"fl col-12\">\n<ul id=\"tabPanel\" class=\"box col-12\">\n<li class=\"fl ozellik current\">\n<div class=\"row\">\n<div id=\"productDetailTab\" class=\"col col-12 mb\">\n<div class=\"box col-12 col-sm-12 Details\">\n<ul>\n<li>3M\u2122 1100 Kulak T\u0131kac\u0131 \u015fekillendirilebilir kulak t\u0131ka\u00e7lar\u0131m\u0131z, konfor ve iyi koruma sa\u011flayan geni\u015fleyebilir Poli\u00fcretan (PU) k\u00f6p\u00fckten yap\u0131lm\u0131\u015ft\u0131r.<\/li>\n<li>Tek boyut \u00e7o\u011fu kulak kanal\u0131na uyar. Kula\u011fa tak\u0131ld\u0131\u011f\u0131nda, k\u00f6p\u00fck t\u0131ka\u00e7lar, ki\u015fiye \u00f6zel s\u0131k\u0131 ve sa\u011flam uyum sa\u011flamak \u00fczere genle\u015fir.<\/li>\n<li>3M\u2122 se\u00e7im yapabilmeniz ve ihtiyac\u0131n\u0131za en uygun \u00e7\u00f6z\u00fcm\u00fc bulabilmeniz i\u00e7in geni\u015f bir tek kullan\u0131ml\u0131k poli\u00fcretan (PU) kulak t\u0131kac\u0131 yelpazesi sunar.<\/li>\n<li>Kulak i\u00e7inde d\u00fc\u015f\u00fck bas\u0131n\u00e7 i\u00e7in yumu\u015fak hipoalerjenik k\u00f6p\u00fck malzemesi.<\/li>\n<li>Yumu\u015fak ve kirlenmeye kar\u015f\u0131 dayan\u0131kl\u0131 y\u00fczeyi daha iyi hijyen, dayan\u0131kl\u0131l\u0131k ve konfor sa\u011flar.<\/li>\n<li>Konik tasar\u0131m \u00e7o\u011fu kulak kanal\u0131na oturarak t\u0131ka\u00e7lar\u0131n kullan\u0131m\u0131 kolayla\u015ft\u0131r\u0131r.<\/li>\n<li>\u00dcr\u00fcn standart olarak tek \u00f6l\u00e7\u00fcde sunulmaktad\u0131r.<\/li>\n<li>Kutu i\u00e7erisinde 200 \u00e7ift kulak t\u0131kac\u0131 bulunmaktad\u0131r.<\/li>\n<\/ul>\n<div>\n<table border=\"0\">\n<tbody>\n<tr>\n<td><b>Teknik \u00d6zellik<\/b><\/td>\n<td><b>A\u00e7\u0131klama<\/b><\/td>\n<\/tr>\n<tr>\n<td>\n<div>Ses azaltma<\/div>\n<\/td>\n<td>35 DB<\/td>\n<\/tr>\n<tr>\n<td>\n<div>Standartlar<\/div>\n<\/td>\n<td>EN 352-2<\/td>\n<\/tr>\n<tr>\n<td>Dielektrik<\/td>\n<td>Hay\u0131r<\/td>\n<\/tr>\n<tr>\n<td>Kablolu<\/td>\n<td>Hay\u0131r<\/td>\n<\/tr>\n<tr>\n<td>Materyal<\/td>\n<td>Poli\u00fcretan<\/td>\n<\/tr>\n<tr>\n<td>Metal Tespit Edilebilir<\/td>\n<td>Hay\u0131r<\/td>\n<\/tr>\n<\/tbody>\n<\/table>\n<\/div>\n<\/div>\n<\/div>\n<\/div>\n<\/li>\n<\/ul>\n<\/div>\n","protected":false},"excerpt":{"rendered":"<p>3M 1100 200 L\u00dcK PAKET 3M\u2122 1100 Kulak T\u0131kac\u0131 \u015fekillendirilebilir kulak t\u0131ka\u00e7lar\u0131m\u0131z, konfor ve iyi koruma sa\u011flayan geni\u015fleyebilir Poli\u00fcretan (PU) k\u00f6p\u00fckten yap\u0131lm\u0131\u015ft\u0131r. Tek boyut \u00e7o\u011fu kulak kanal\u0131na uyar. Kula\u011fa tak\u0131ld\u0131\u011f\u0131nda, k\u00f6p\u00fck t\u0131ka\u00e7lar, ki\u015fiye \u00f6zel s\u0131k\u0131 ve sa\u011flam uyum sa\u011flamak \u00fczere genle\u015fir. 3M\u2122 se\u00e7im yapabilmeniz ve ihtiyac\u0131n\u0131za en uygun \u00e7\u00f6z\u00fcm\u00fc bulabilmeniz i\u00e7in geni\u015f bir tek kullan\u0131ml\u0131k&#8230;<\/p>\n","protected":false},"featured_media":577,"comment_status":"open","ping_status":"closed","template":"","meta":{"_kad_post_transparent":"default","_kad_post_title":"","_kad_post_layout":"default","_kad_post_sidebar_id":"","_kad_post_content_style":"default","_kad_post_vertical_padding":"default","_kad_post_feature":"","_kad_post_feature_position":"","_kad_post_header":false,"_kad_post_footer":false},"product_cat":[35],"product_tag":[],"class_list":{"0":"post-576","1":"product","2":"type-product","3":"status-publish","4":"has-post-thumbnail","6":"product_cat-kulak-koruyucular","8":"first","9":"instock","10":"taxable","11":"shipping-taxable","12":"product-type-simple","13":"entry","14":"content-bg","15":"loop-entry"},"_links":{"self":[{"href":"https:\/\/atlasisguvenligi.com\/index.php?rest_route=\/wp\/v2\/product\/576","targetHints":{"allow":["GET"]}}],"collection":[{"href":"https:\/\/atlasisguvenligi.com\/index.php?rest_route=\/wp\/v2\/product"}],"about":[{"href":"https:\/\/atlasisguvenligi.com\/index.php?rest_route=\/wp\/v2\/types\/product"}],"replies":[{"embeddable":true,"href":"https:\/\/atlasisguvenligi.com\/index.php?rest_route=%2Fwp%2Fv2%2Fcomments&post=576"}],"wp:featuredmedia":[{"embeddable":true,"href":"https:\/\/atlasisguvenligi.com\/index.php?rest_route=\/wp\/v2\/media\/577"}],"wp:attachment":[{"href":"https:\/\/atlasisguvenligi.com\/index.php?rest_route=%2Fwp%2Fv2%2Fmedia&parent=576"}],"wp:term":[{"taxonomy":"product_cat","embeddable":true,"href":"https:\/\/atlasisguvenligi.com\/index.php?rest_route=%2Fwp%2Fv2%2Fproduct_cat&post=576"},{"taxonomy":"product_tag","embeddable":true,"href":"https:\/\/atlasisguvenligi.com\/index.php?rest_route=%2Fwp%2Fv2%2Fproduct_tag&post=576"}],"curies":[{"name":"wp","href":"https:\/\/api.w.org\/{rel}","templated":true}]}}