{"id":578,"date":"2024-04-10T20:35:18","date_gmt":"2024-04-10T20:35:18","guid":{"rendered":"https:\/\/atlasisguvenligi.com\/?post_type=product&#038;p=578"},"modified":"2024-04-10T20:35:43","modified_gmt":"2024-04-10T20:35:43","slug":"3m-1110-ipli-kulak-tikaci","status":"publish","type":"product","link":"https:\/\/atlasisguvenligi.com\/?product=3m-1110-ipli-kulak-tikaci","title":{"rendered":"3M 1110 \u0130pli Kulak T\u0131kac\u0131"},"content":{"rendered":"<ul>\n<li>3M 1110 \u0130PL\u0130 KULAK TIKACI 100 L\u00dc PAKET<\/li>\n<li>3M\u2122 1110 Kulak T\u0131kac\u0131 \u015fekillendirilebilir kulak t\u0131ka\u00e7lar\u0131m\u0131z, konfor ve iyi koruma sa\u011flayan geni\u015fleyebilir Poli\u00fcretan (PU) k\u00f6p\u00fckten yap\u0131lm\u0131\u015ft\u0131r.<\/li>\n<li>Tek boyut \u00e7o\u011fu kulak kanal\u0131na uyar. Kula\u011fa tak\u0131ld\u0131\u011f\u0131nda, k\u00f6p\u00fck t\u0131ka\u00e7lar, ki\u015fiye \u00f6zel s\u0131k\u0131 ve sa\u011flam uyum sa\u011flamak \u00fczere genle\u015fir.<\/li>\n<li>3M\u2122 se\u00e7im yapabilmeniz ve ihtiyac\u0131n\u0131za en uygun \u00e7\u00f6z\u00fcm\u00fc bulabilmeniz i\u00e7in geni\u015f bir tek kullan\u0131ml\u0131k poli\u00fcretan (PU) kulak t\u0131kac\u0131 yelpazesi sunar.<\/li>\n<li>Kulak i\u00e7inde d\u00fc\u015f\u00fck bas\u0131n\u00e7 i\u00e7in yumu\u015fak hipoalerjenik k\u00f6p\u00fck malzemesi.<\/li>\n<li>Yumu\u015fak ve kirlenmeye kar\u015f\u0131 dayan\u0131kl\u0131 y\u00fczeyi daha iyi hijyen, dayan\u0131kl\u0131l\u0131k ve konfor sa\u011flar.<\/li>\n<li>Konik tasar\u0131m \u00e7o\u011fu kulak kanal\u0131na oturarak t\u0131ka\u00e7lar\u0131n kullan\u0131m\u0131 kolayla\u015ft\u0131r\u0131r.<\/li>\n<li>\u00dcr\u00fcn standart olarak tek \u00f6l\u00e7\u00fcde sunulmaktad\u0131r.<\/li>\n<li>Polyester kordon (1110) kulak t\u0131kac\u0131n\u0131n kaybolmas\u0131n\u0131 \u00f6nler.<\/li>\n<li>Di\u011fer KKD&#8217;ler ile uyumlu tasarlanm\u0131\u015ft\u0131r.<\/li>\n<li>Kutu i\u00e7erisinde 100 \u00e7ift kulak t\u0131kac\u0131 bulunmaktad\u0131r.<\/li>\n<\/ul>\n<table class=\"dat TabVr\">\n<tbody>\n<tr class=\"dat-row\">\n<td>\n<div class=\"dat-cell dat-cell_specHeader\"><span class=\"txt_bold\"><b>Teknik \u00d6zellik<\/b><\/span><\/div>\n<\/td>\n<td>\n<div class=\"dat-cell dat-cell_specDefinition\"><b>A\u00e7\u0131klama<\/b><\/div>\n<\/td>\n<\/tr>\n<tr class=\"dat-row\">\n<td>\n<div class=\"dat-cell dat-cell_specHeader\">Kullan\u0131m Alan\u0131<\/div>\n<\/td>\n<td>\n<div class=\"dat-cell dat-cell_specDefinition\"><span data-sheets-value=\"{\" data-sheets-userformat=\"{\">G\u00fcr\u00fclt\u00fc \u015fiddetinin d\u00fc\u015f\u00fcr\u00fclmesi gereken t\u00fcm \u00e7al\u0131\u015fma alanlar\u0131nda<\/span><\/div>\n<\/td>\n<\/tr>\n<tr class=\"dat-row\">\n<td>\n<div class=\"dat-cell dat-cell_specHeader\"><span class=\"txt_bold\">Malzeme<\/span><\/div>\n<\/td>\n<td>\n<div class=\"dat-cell dat-cell_specDefinition\"><span data-sheets-value=\"{\" data-sheets-userformat=\"{\">Poli\u00fcretan<\/span><\/div>\n<\/td>\n<\/tr>\n<tr class=\"dat-row\">\n<td>\n<div class=\"dat-cell dat-cell_specHeader\"><span class=\"txt_bold\">Ses D\u00fc\u015f\u00fcrme Seviyesi<\/span><\/div>\n<\/td>\n<td>\n<div class=\"dat-cell dat-cell_specDefinition\"><span data-sheets-value=\"{\" data-sheets-userformat=\"{\">37 Desibel<\/span><\/div>\n<\/td>\n<\/tr>\n<tr class=\"dat-row\">\n<td>\n<div class=\"dat-cell dat-cell_specHeader\"><span class=\"txt_bold\">Standartlar<\/span><\/div>\n<\/td>\n<td>\n<div class=\"dat-cell dat-cell_specDefinition\">\n<div class=\"dat-cell dat-cell_specDefinition\">EN 352-2<\/div>\n<\/div>\n<\/td>\n<\/tr>\n<tr class=\"dat-row\">\n<td>\n<div class=\"dat-cell dat-cell_specHeader\"><span class=\"txt_bold\">Tek Kullan\u0131ml\u0131k<\/span><\/div>\n<\/td>\n<td>\n<div class=\"dat-cell dat-cell_specDefinition\">\n<div class=\"dat-cell dat-cell_specDefinition\"><span data-sheets-value=\"{\" data-sheets-userformat=\"{\">Evet<\/span><\/div>\n<\/div>\n<\/td>\n<\/tr>\n<\/tbody>\n<\/table>\n","protected":false},"excerpt":{"rendered":"<p>3M 1110 \u0130PL\u0130 KULAK TIKACI 100 L\u00dc PAKET 3M\u2122 1110 Kulak T\u0131kac\u0131 \u015fekillendirilebilir kulak t\u0131ka\u00e7lar\u0131m\u0131z, konfor ve iyi koruma sa\u011flayan geni\u015fleyebilir Poli\u00fcretan (PU) k\u00f6p\u00fckten yap\u0131lm\u0131\u015ft\u0131r. Tek boyut \u00e7o\u011fu kulak kanal\u0131na uyar. Kula\u011fa tak\u0131ld\u0131\u011f\u0131nda, k\u00f6p\u00fck t\u0131ka\u00e7lar, ki\u015fiye \u00f6zel s\u0131k\u0131 ve sa\u011flam uyum sa\u011flamak \u00fczere genle\u015fir. 3M\u2122 se\u00e7im yapabilmeniz ve ihtiyac\u0131n\u0131za en uygun \u00e7\u00f6z\u00fcm\u00fc bulabilmeniz i\u00e7in geni\u015f&#8230;<\/p>\n","protected":false},"featured_media":579,"comment_status":"open","ping_status":"closed","template":"","meta":{"_kad_post_transparent":"default","_kad_post_title":"","_kad_post_layout":"default","_kad_post_sidebar_id":"","_kad_post_content_style":"default","_kad_post_vertical_padding":"default","_kad_post_feature":"","_kad_post_feature_position":"","_kad_post_header":false,"_kad_post_footer":false},"product_cat":[35],"product_tag":[],"class_list":{"0":"post-578","1":"product","2":"type-product","3":"status-publish","4":"has-post-thumbnail","6":"product_cat-kulak-koruyucular","8":"first","9":"instock","10":"taxable","11":"shipping-taxable","12":"product-type-simple","13":"entry","14":"content-bg","15":"loop-entry"},"_links":{"self":[{"href":"https:\/\/atlasisguvenligi.com\/index.php?rest_route=\/wp\/v2\/product\/578","targetHints":{"allow":["GET"]}}],"collection":[{"href":"https:\/\/atlasisguvenligi.com\/index.php?rest_route=\/wp\/v2\/product"}],"about":[{"href":"https:\/\/atlasisguvenligi.com\/index.php?rest_route=\/wp\/v2\/types\/product"}],"replies":[{"embeddable":true,"href":"https:\/\/atlasisguvenligi.com\/index.php?rest_route=%2Fwp%2Fv2%2Fcomments&post=578"}],"wp:featuredmedia":[{"embeddable":true,"href":"https:\/\/atlasisguvenligi.com\/index.php?rest_route=\/wp\/v2\/media\/579"}],"wp:attachment":[{"href":"https:\/\/atlasisguvenligi.com\/index.php?rest_route=%2Fwp%2Fv2%2Fmedia&parent=578"}],"wp:term":[{"taxonomy":"product_cat","embeddable":true,"href":"https:\/\/atlasisguvenligi.com\/index.php?rest_route=%2Fwp%2Fv2%2Fproduct_cat&post=578"},{"taxonomy":"product_tag","embeddable":true,"href":"https:\/\/atlasisguvenligi.com\/index.php?rest_route=%2Fwp%2Fv2%2Fproduct_tag&post=578"}],"curies":[{"name":"wp","href":"https:\/\/api.w.org\/{rel}","templated":true}]}}