{"id":580,"date":"2024-04-10T20:41:15","date_gmt":"2024-04-10T20:41:15","guid":{"rendered":"https:\/\/atlasisguvenligi.com\/?post_type=product&#038;p=580"},"modified":"2024-04-10T20:41:15","modified_gmt":"2024-04-10T20:41:15","slug":"3m-1100r-refil-torba-kulak-tikaci","status":"publish","type":"product","link":"https:\/\/atlasisguvenligi.com\/?product=3m-1100r-refil-torba-kulak-tikaci","title":{"rendered":"3M 1100R Refil Torba Kulak T\u0131kac\u0131"},"content":{"rendered":"<ul>\n<li>3M\u2122 One-Touch\u2122 da\u011f\u0131t\u0131c\u0131 ile birlikte kullan\u0131lmak \u00fczere \u00e7antay\u0131 3M\u2122 1100 Serisi kulak t\u0131ka\u00e7lar\u0131yla doldurun.<\/li>\n<li>D\u00fczg\u00fcn ve toza dayan\u0131kl\u0131 y\u00fczey daha iyi hijyen, dayan\u0131kl\u0131l\u0131k ve rahatl\u0131k sa\u011flar.<\/li>\n<li>Konik tasar\u0131ml\u0131 1100 kulak t\u0131kac\u0131 \u00e7o\u011fu kulak kanal\u0131na oturur ve t\u0131ka\u00e7lar\u0131n daha kolay tak\u0131lmas\u0131n\u0131 sa\u011flar.<\/li>\n<li>Kulak t\u0131kac\u0131 dispanseri kulak t\u0131kac\u0131 kullan\u0131m\u0131n\u0131 te\u015fvik eder ve g\u00fcr\u00fclt\u00fcl\u00fc ortamlarda kulak t\u0131kac\u0131na kolay ula\u015f\u0131m sa\u011flar.<\/li>\n<li>Yumu\u015fak poli\u00fcretan k\u00f6p\u00fck hipoalerjeniktir.<\/li>\n<\/ul>\n<ul>\n<li>Paket i\u00e7erisinde 500\u00a0\u00e7ift yumu\u015fak k\u00f6p\u00fck kulak t\u0131kac\u0131 i\u00e7erir.<\/li>\n<\/ul>\n<h3 class=\"center\"><\/h3>\n<table border=\"0\">\n<tbody>\n<tr>\n<td><b>Teknik \u00d6zellik<\/b><\/td>\n<td><b>A\u00e7\u0131klama<\/b><\/td>\n<\/tr>\n<tr>\n<td>EN Standart\u0131<\/td>\n<td>EN 352-2:2002<\/td>\n<\/tr>\n<tr>\n<td>Kulak t\u0131kac\u0131 stili<\/td>\n<td>\u0130psiz<\/td>\n<\/tr>\n<tr>\n<td>Kullan\u0131m alan\u0131\/Sekt\u00f6r<\/td>\n<td>G\u00fcr\u00fclt\u00fcl\u00fc Ortamlar<\/td>\n<\/tr>\n<tr>\n<td>Malzeme<\/td>\n<td>Poli\u00fcretan<\/td>\n<\/tr>\n<tr>\n<td>Ses d\u00fc\u015f\u00fcrme seviyesi<\/td>\n<td>35 Desibel<\/td>\n<\/tr>\n<tr>\n<td>Tek Kullan\u0131ml\u0131k<\/td>\n<td>Evet<\/td>\n<\/tr>\n<\/tbody>\n<\/table>\n","protected":false},"excerpt":{"rendered":"<p>3M\u2122 One-Touch\u2122 da\u011f\u0131t\u0131c\u0131 ile birlikte kullan\u0131lmak \u00fczere \u00e7antay\u0131 3M\u2122 1100 Serisi kulak t\u0131ka\u00e7lar\u0131yla doldurun. D\u00fczg\u00fcn ve toza dayan\u0131kl\u0131 y\u00fczey daha iyi hijyen, dayan\u0131kl\u0131l\u0131k ve rahatl\u0131k sa\u011flar. Konik tasar\u0131ml\u0131 1100 kulak t\u0131kac\u0131 \u00e7o\u011fu kulak kanal\u0131na oturur ve t\u0131ka\u00e7lar\u0131n daha kolay tak\u0131lmas\u0131n\u0131 sa\u011flar. Kulak t\u0131kac\u0131 dispanseri kulak t\u0131kac\u0131 kullan\u0131m\u0131n\u0131 te\u015fvik eder ve g\u00fcr\u00fclt\u00fcl\u00fc ortamlarda kulak t\u0131kac\u0131na kolay&#8230;<\/p>\n","protected":false},"featured_media":581,"comment_status":"open","ping_status":"closed","template":"","meta":{"_kad_post_transparent":"default","_kad_post_title":"","_kad_post_layout":"default","_kad_post_sidebar_id":"","_kad_post_content_style":"default","_kad_post_vertical_padding":"default","_kad_post_feature":"","_kad_post_feature_position":"","_kad_post_header":false,"_kad_post_footer":false},"product_cat":[35],"product_tag":[],"class_list":{"0":"post-580","1":"product","2":"type-product","3":"status-publish","4":"has-post-thumbnail","6":"product_cat-kulak-koruyucular","8":"first","9":"instock","10":"taxable","11":"shipping-taxable","12":"product-type-simple","13":"entry","14":"content-bg","15":"loop-entry"},"_links":{"self":[{"href":"https:\/\/atlasisguvenligi.com\/index.php?rest_route=\/wp\/v2\/product\/580","targetHints":{"allow":["GET"]}}],"collection":[{"href":"https:\/\/atlasisguvenligi.com\/index.php?rest_route=\/wp\/v2\/product"}],"about":[{"href":"https:\/\/atlasisguvenligi.com\/index.php?rest_route=\/wp\/v2\/types\/product"}],"replies":[{"embeddable":true,"href":"https:\/\/atlasisguvenligi.com\/index.php?rest_route=%2Fwp%2Fv2%2Fcomments&post=580"}],"wp:featuredmedia":[{"embeddable":true,"href":"https:\/\/atlasisguvenligi.com\/index.php?rest_route=\/wp\/v2\/media\/581"}],"wp:attachment":[{"href":"https:\/\/atlasisguvenligi.com\/index.php?rest_route=%2Fwp%2Fv2%2Fmedia&parent=580"}],"wp:term":[{"taxonomy":"product_cat","embeddable":true,"href":"https:\/\/atlasisguvenligi.com\/index.php?rest_route=%2Fwp%2Fv2%2Fproduct_cat&post=580"},{"taxonomy":"product_tag","embeddable":true,"href":"https:\/\/atlasisguvenligi.com\/index.php?rest_route=%2Fwp%2Fv2%2Fproduct_tag&post=580"}],"curies":[{"name":"wp","href":"https:\/\/api.w.org\/{rel}","templated":true}]}}