{"id":653,"date":"2024-04-28T11:46:32","date_gmt":"2024-04-28T11:46:32","guid":{"rendered":"https:\/\/atlasisguvenligi.com\/?post_type=product&#038;p=653"},"modified":"2024-04-28T11:58:48","modified_gmt":"2024-04-28T11:58:48","slug":"pars-deri-kaynakci-aa","status":"publish","type":"product","link":"https:\/\/atlasisguvenligi.com\/?product=pars-deri-kaynakci-aa","title":{"rendered":"Pars Deri Kaynak\u00e7\u0131 \u0130\u015f Ayakkab\u0131s\u0131"},"content":{"rendered":"<p>Pars S2 Deri Kaynak\u00e7\u0131<\/p>\n<p>\u00c7elik burunlu c\u0131rtl\u0131 deri kaynak\u00e7\u0131 i\u015f ayakkab\u0131s\u0131<\/p>\n<p>A\u015f\u0131nmaya ve y\u0131rt\u0131lmaya kar\u015f\u0131 mukavemetlidir<\/p>\n","protected":false},"excerpt":{"rendered":"<p>Pars S2 Deri Kaynak\u00e7\u0131 \u00c7elik burunlu c\u0131rtl\u0131 deri kaynak\u00e7\u0131 i\u015f ayakkab\u0131s\u0131 A\u015f\u0131nmaya ve y\u0131rt\u0131lmaya kar\u015f\u0131 mukavemetlidir<\/p>\n","protected":false},"featured_media":655,"comment_status":"open","ping_status":"closed","template":"","meta":{"_kad_post_transparent":"default","_kad_post_title":"","_kad_post_layout":"default","_kad_post_sidebar_id":"","_kad_post_content_style":"default","_kad_post_vertical_padding":"default","_kad_post_feature":"","_kad_post_feature_position":"","_kad_post_header":false,"_kad_post_footer":false},"product_cat":[20],"product_tag":[],"class_list":{"0":"post-653","1":"product","2":"type-product","3":"status-publish","4":"has-post-thumbnail","6":"product_cat-ayak-koruma","8":"first","9":"instock","10":"taxable","11":"shipping-taxable","12":"product-type-simple","13":"entry","14":"content-bg","15":"loop-entry"},"_links":{"self":[{"href":"https:\/\/atlasisguvenligi.com\/index.php?rest_route=\/wp\/v2\/product\/653","targetHints":{"allow":["GET"]}}],"collection":[{"href":"https:\/\/atlasisguvenligi.com\/index.php?rest_route=\/wp\/v2\/product"}],"about":[{"href":"https:\/\/atlasisguvenligi.com\/index.php?rest_route=\/wp\/v2\/types\/product"}],"replies":[{"embeddable":true,"href":"https:\/\/atlasisguvenligi.com\/index.php?rest_route=%2Fwp%2Fv2%2Fcomments&post=653"}],"wp:featuredmedia":[{"embeddable":true,"href":"https:\/\/atlasisguvenligi.com\/index.php?rest_route=\/wp\/v2\/media\/655"}],"wp:attachment":[{"href":"https:\/\/atlasisguvenligi.com\/index.php?rest_route=%2Fwp%2Fv2%2Fmedia&parent=653"}],"wp:term":[{"taxonomy":"product_cat","embeddable":true,"href":"https:\/\/atlasisguvenligi.com\/index.php?rest_route=%2Fwp%2Fv2%2Fproduct_cat&post=653"},{"taxonomy":"product_tag","embeddable":true,"href":"https:\/\/atlasisguvenligi.com\/index.php?rest_route=%2Fwp%2Fv2%2Fproduct_tag&post=653"}],"curies":[{"name":"wp","href":"https:\/\/api.w.org\/{rel}","templated":true}]}}