{"id":689,"date":"2024-05-21T19:29:03","date_gmt":"2024-05-21T19:29:03","guid":{"rendered":"https:\/\/atlasisguvenligi.com\/?post_type=product&#038;p=689"},"modified":"2024-05-21T19:29:03","modified_gmt":"2024-05-21T19:29:03","slug":"baymax-bx-2500-comfort-dual","status":"publish","type":"product","link":"https:\/\/atlasisguvenligi.com\/?product=baymax-bx-2500-comfort-dual","title":{"rendered":"Baymax BX 2500 Comfort Dual"},"content":{"rendered":"<p><strong>BX 2500 COMFORT DUAL<\/strong><\/p>\n<ul class=\"font_8 wixui-rich-text__text\">\n<li class=\"wixui-rich-text__text\">\n<h5 class=\"font_8 wixui-rich-text__text\"><span class=\"wixui-rich-text__text\">Y\u00fcksek kaliteli Polikar<\/span><strong><span class=\"wixui-rich-text__text\">bonat koruyucu g\u00f6zl\u00fck.<\/span><\/strong><\/h5>\n<\/li>\n<li class=\"wixui-rich-text__text\">\n<h5 class=\"font_8 wixui-rich-text__text\"><strong><span class=\"wixui-rich-text__text\">Sportif \u015f\u0131k tasar\u0131m.<\/span><\/strong><\/h5>\n<\/li>\n<li class=\"wixui-rich-text__text\">\n<h5 class=\"font_8 wixui-rich-text__text\"><strong><span class=\"wixui-rich-text__text\">Otoklav cihazlar\u0131nda, bas\u0131n\u00e7l\u0131 su buhar\u0131 ile 121 santigrat derece s\u0131cakl\u0131kta 15-20 dakikal\u0131k sterilizasyon yap\u0131lmaya uygundur.<\/span><\/strong><\/h5>\n<\/li>\n<li class=\"wixui-rich-text__text\">\n<h5 class=\"font_8 wixui-rich-text__text\"><strong><span class=\"wixui-rich-text__text\">Kimyasal, termal ve mekanik risk fakt\u00f6rlerine kar\u015f\u0131 y\u00fcksek koruma sa\u011flar.<\/span><\/strong><\/h5>\n<\/li>\n<li class=\"wixui-rich-text__text\">\n<h5 class=\"font_8 wixui-rich-text__text\"><strong><span class=\"wixui-rich-text__text\">Lense, iste\u011finiz do\u011frultusunda \u00e7izilmez ve bu\u011fu \u00f6nleyici kaplama (Anti-Fog) uygulanabilir.<\/span><\/strong><\/h5>\n<\/li>\n<li class=\"wixui-rich-text__text\">\n<h5 class=\"font_8 wixui-rich-text__text\"><strong><span class=\"wixui-rich-text__text\">Y\u00fcksek adetli al\u0131mlar\u0131n\u0131zda istedi\u011finiz g\u00f6vde rengini se\u00e7ebilirsiniz.<\/span><\/strong><\/h5>\n<\/li>\n<li class=\"wixui-rich-text__text\">\n<h5 class=\"font_8 wixui-rich-text__text\"><strong><span class=\"wixui-rich-text__text\">Sterilizasyonu sa\u011flanarak paketlenmektedir.<\/span><\/strong><\/h5>\n<\/li>\n<li class=\"wixui-rich-text__text\">\n<h5 class=\"font_8 wixui-rich-text__text\"><strong><span class=\"wixui-rich-text__text\">A\u011f\u0131rl\u0131k: 57,3 gr<\/span><\/strong><\/h5>\n<\/li>\n<\/ul>\n","protected":false},"excerpt":{"rendered":"<p>BX 2500 COMFORT DUAL Y\u00fcksek kaliteli Polikarbonat koruyucu g\u00f6zl\u00fck. Sportif \u015f\u0131k tasar\u0131m. Otoklav cihazlar\u0131nda, bas\u0131n\u00e7l\u0131 su buhar\u0131 ile 121 santigrat derece s\u0131cakl\u0131kta 15-20 dakikal\u0131k sterilizasyon yap\u0131lmaya uygundur. Kimyasal, termal ve mekanik risk fakt\u00f6rlerine kar\u015f\u0131 y\u00fcksek koruma sa\u011flar. Lense, iste\u011finiz do\u011frultusunda \u00e7izilmez ve bu\u011fu \u00f6nleyici kaplama (Anti-Fog) uygulanabilir. Y\u00fcksek adetli al\u0131mlar\u0131n\u0131zda istedi\u011finiz g\u00f6vde rengini se\u00e7ebilirsiniz. Sterilizasyonu&#8230;<\/p>\n","protected":false},"featured_media":690,"comment_status":"open","ping_status":"closed","template":"","meta":{"_kad_post_transparent":"default","_kad_post_title":"","_kad_post_layout":"default","_kad_post_sidebar_id":"","_kad_post_content_style":"default","_kad_post_vertical_padding":"default","_kad_post_feature":"","_kad_post_feature_position":"","_kad_post_header":false,"_kad_post_footer":false},"product_cat":[34],"product_tag":[],"class_list":{"0":"post-689","1":"product","2":"type-product","3":"status-publish","4":"has-post-thumbnail","6":"product_cat-goz-ve-yuz-koruyucular","8":"first","9":"instock","10":"taxable","11":"shipping-taxable","12":"product-type-simple","13":"entry","14":"content-bg","15":"loop-entry"},"_links":{"self":[{"href":"https:\/\/atlasisguvenligi.com\/index.php?rest_route=\/wp\/v2\/product\/689","targetHints":{"allow":["GET"]}}],"collection":[{"href":"https:\/\/atlasisguvenligi.com\/index.php?rest_route=\/wp\/v2\/product"}],"about":[{"href":"https:\/\/atlasisguvenligi.com\/index.php?rest_route=\/wp\/v2\/types\/product"}],"replies":[{"embeddable":true,"href":"https:\/\/atlasisguvenligi.com\/index.php?rest_route=%2Fwp%2Fv2%2Fcomments&post=689"}],"wp:featuredmedia":[{"embeddable":true,"href":"https:\/\/atlasisguvenligi.com\/index.php?rest_route=\/wp\/v2\/media\/690"}],"wp:attachment":[{"href":"https:\/\/atlasisguvenligi.com\/index.php?rest_route=%2Fwp%2Fv2%2Fmedia&parent=689"}],"wp:term":[{"taxonomy":"product_cat","embeddable":true,"href":"https:\/\/atlasisguvenligi.com\/index.php?rest_route=%2Fwp%2Fv2%2Fproduct_cat&post=689"},{"taxonomy":"product_tag","embeddable":true,"href":"https:\/\/atlasisguvenligi.com\/index.php?rest_route=%2Fwp%2Fv2%2Fproduct_tag&post=689"}],"curies":[{"name":"wp","href":"https:\/\/api.w.org\/{rel}","templated":true}]}}