{"id":696,"date":"2024-05-21T20:24:34","date_gmt":"2024-05-21T20:24:34","guid":{"rendered":"https:\/\/atlasisguvenligi.com\/?post_type=product&#038;p=696"},"modified":"2024-11-24T14:32:37","modified_gmt":"2024-11-24T14:32:37","slug":"nbm-033-ffp3-katlanir-toz-maskesi","status":"publish","type":"product","link":"https:\/\/atlasisguvenligi.com\/?product=nbm-033-ffp3-katlanir-toz-maskesi","title":{"rendered":"NBM 033 FFP3V Katlan\u0131r Toz maskesi"},"content":{"rendered":"<p>BLN FF3V KATLANIR MASKE<\/p>\n<p>NBM 033 FFP3 NR Premium Katlan\u0131r Filtreli Solunum Maskesi- Kat\u0131 ve\/veya u\u00e7ucu olmayan s\u0131v\u0131 par\u00e7ac\u0131klara kar\u015f\u0131 (toz, sis, duman) solunum yollar\u0131n\u0131 korumaya yarar. Premium yeni nesil katlan\u0131r yap\u0131s\u0131 sayesinde maksimum ta\u015f\u0131ma ve kullan\u0131m rahatl\u0131\u011f\u0131 sa\u011flamaktad\u0131r. \u00dcr\u00fcn paketinden \u00e7\u0131kar\u0131ld\u0131\u011f\u0131nda her y\u00fcze uyumlu olan aktif form konik \u015feklini almaktad\u0131r.<\/p>\n<p>Maksimum rahatl\u0131k i\u00e7in burun ile filtre malzemesi aras\u0131nda yumu\u015fak astar kullan\u0131lm\u0131\u015ft\u0131r. Ayr\u0131ca maskede iki adet elastik sa\u00e7 band\u0131 ve s\u0131zd\u0131rmaz burunluk bulunmaktad\u0131r. Kullan\u0131m s\u0131ras\u0131nda olu\u015fan nem ve CO2, maskede bulunan ventil sayesinde solunum direncini artt\u0131rmadan tahliye edilir<\/p>\n","protected":false},"excerpt":{"rendered":"<p>BLN FF3V KATLANIR MASKE NBM 033 FFP3 NR Premium Katlan\u0131r Filtreli Solunum Maskesi- Kat\u0131 ve\/veya u\u00e7ucu olmayan s\u0131v\u0131 par\u00e7ac\u0131klara kar\u015f\u0131 (toz, sis, duman) solunum yollar\u0131n\u0131 korumaya yarar. Premium yeni nesil katlan\u0131r yap\u0131s\u0131 sayesinde maksimum ta\u015f\u0131ma ve kullan\u0131m rahatl\u0131\u011f\u0131 sa\u011flamaktad\u0131r. \u00dcr\u00fcn paketinden \u00e7\u0131kar\u0131ld\u0131\u011f\u0131nda her y\u00fcze uyumlu olan aktif form konik \u015feklini almaktad\u0131r. Maksimum rahatl\u0131k i\u00e7in burun&#8230;<\/p>\n","protected":false},"featured_media":697,"comment_status":"open","ping_status":"closed","template":"","meta":{"_kad_post_transparent":"default","_kad_post_title":"","_kad_post_layout":"default","_kad_post_sidebar_id":"","_kad_post_content_style":"default","_kad_post_vertical_padding":"default","_kad_post_feature":"","_kad_post_feature_position":"","_kad_post_header":false,"_kad_post_footer":false},"product_cat":[16],"product_tag":[],"class_list":{"0":"post-696","1":"product","2":"type-product","3":"status-publish","4":"has-post-thumbnail","6":"product_cat-maske","8":"first","9":"instock","10":"taxable","11":"shipping-taxable","12":"product-type-simple","13":"entry","14":"content-bg","15":"loop-entry"},"_links":{"self":[{"href":"https:\/\/atlasisguvenligi.com\/index.php?rest_route=\/wp\/v2\/product\/696","targetHints":{"allow":["GET"]}}],"collection":[{"href":"https:\/\/atlasisguvenligi.com\/index.php?rest_route=\/wp\/v2\/product"}],"about":[{"href":"https:\/\/atlasisguvenligi.com\/index.php?rest_route=\/wp\/v2\/types\/product"}],"replies":[{"embeddable":true,"href":"https:\/\/atlasisguvenligi.com\/index.php?rest_route=%2Fwp%2Fv2%2Fcomments&post=696"}],"wp:featuredmedia":[{"embeddable":true,"href":"https:\/\/atlasisguvenligi.com\/index.php?rest_route=\/wp\/v2\/media\/697"}],"wp:attachment":[{"href":"https:\/\/atlasisguvenligi.com\/index.php?rest_route=%2Fwp%2Fv2%2Fmedia&parent=696"}],"wp:term":[{"taxonomy":"product_cat","embeddable":true,"href":"https:\/\/atlasisguvenligi.com\/index.php?rest_route=%2Fwp%2Fv2%2Fproduct_cat&post=696"},{"taxonomy":"product_tag","embeddable":true,"href":"https:\/\/atlasisguvenligi.com\/index.php?rest_route=%2Fwp%2Fv2%2Fproduct_tag&post=696"}],"curies":[{"name":"wp","href":"https:\/\/api.w.org\/{rel}","templated":true}]}}