{"id":701,"date":"2024-06-04T08:07:17","date_gmt":"2024-06-04T08:07:17","guid":{"rendered":"https:\/\/atlasisguvenligi.com\/?post_type=product&#038;p=701"},"modified":"2024-06-04T08:07:35","modified_gmt":"2024-06-04T08:07:35","slug":"3m-sf201-seffaf-is-gozlugu","status":"publish","type":"product","link":"https:\/\/atlasisguvenligi.com\/?product=3m-sf201-seffaf-is-gozlugu","title":{"rendered":"3m SF201 \u015eeffaf \u0130\u015f G\u00f6zl\u00fc\u011f\u00fc"},"content":{"rendered":"<p>3m SF201 \u015eeffaf i\u015f G\u00f6zl\u00fc\u011f\u00fc<\/p>\n<div class=\"tab-detail\">\n<div class=\"tab-text\">\n<div class=\"productSpecs\">\n<table class=\"dat TabVr\">\n<tbody>\n<tr class=\"dat-row\">\n<td>\n<div class=\"dat-cell \"><span class=\"txt_bold\">\u00c7er\u00e7eve Rengi<\/span><\/div>\n<\/td>\n<td>\n<div class=\"dat-cell dat-cell_specDefinition \"><span class=\"txt\">\u015eeffaf<\/span><\/div>\n<\/td>\n<\/tr>\n<tr class=\"dat-row\">\n<td>\n<div class=\"dat-cell \"><span class=\"txt_bold\">G\u00f6z Koruma Aral\u0131\u011f\u0131<\/span><\/div>\n<\/td>\n<td>\n<div class=\"dat-cell dat-cell_specDefinition \"><span class=\"txt\">Klasik<\/span><\/div>\n<\/td>\n<\/tr>\n<tr class=\"dat-row\">\n<td>\n<div class=\"dat-cell \"><span class=\"txt_bold\">Lens \u0130\u015faretleme<\/span><\/div>\n<\/td>\n<td>\n<div class=\"dat-cell dat-cell_specDefinition \"><span class=\"txt\">2C-1.2 3M 1 FT<\/span><\/div>\n<\/td>\n<\/tr>\n<tr class=\"dat-row\">\n<td>\n<div class=\"dat-cell \"><span class=\"txt_bold\">Lens Kaplama<\/span><\/div>\n<\/td>\n<td>\n<div class=\"dat-cell dat-cell_specDefinition \"><span class=\"txt\">\u00c7izilme \u00d6nleyici ve Yo\u011funla\u015fma \u00d6nleyici<\/span><\/div>\n<\/td>\n<\/tr>\n<tr class=\"dat-row\">\n<td>\n<div class=\"dat-cell \"><span class=\"txt_bold\">Lens Rengi<\/span><\/div>\n<\/td>\n<td>\n<div class=\"dat-cell dat-cell_specDefinition \">\u015eeffaf<\/div>\n<\/td>\n<\/tr>\n<tr class=\"dat-row\">\n<td>\n<div class=\"dat-cell \"><span class=\"txt_bold\">NPVI Mktg<\/span><\/div>\n<\/td>\n<td>\n<div class=\"dat-cell dat-cell_specDefinition \"><span class=\"txt\">Evet<\/span><\/div>\n<\/td>\n<\/tr>\n<tr class=\"dat-row\">\n<td>\n<div class=\"dat-cell \"><span class=\"txt_bold\">\u00d6nerilen Sekt\u00f6r<\/span><\/div>\n<\/td>\n<td>\n<div class=\"dat-cell dat-cell_specDefinition \">Tar\u0131m , Tar\u0131m , Yiyecek ve \u0130\u00e7ecek , G\u0131da End\u00fcstrisi , G\u0131da \u0130\u015fleme, G\u0131da G\u00fcvenli\u011fi<\/div>\n<\/td>\n<\/tr>\n<tr class=\"dat-row\">\n<td>\n<div class=\"dat-cell \"><span class=\"txt_bold\">\u00d6nerilen Uygulama<\/span><\/div>\n<\/td>\n<td>\n<div class=\"dat-cell dat-cell_specDefinition \">\u0130n\u015faat , G\u0131da Sanayii , Genel \u0130malat<\/div>\n<\/td>\n<\/tr>\n<tr class=\"dat-row\">\n<td>\n<div class=\"dat-cell \"><span class=\"txt_bold\">Avantajlar\u0131<\/span><\/div>\n<\/td>\n<td>\n<div class=\"dat-cell dat-cell_specDefinition \"><span class=\"txt\">UV \u0131\u015f\u0131nlar\u0131na kar\u015f\u0131 koruma sa\u011flar, renklerin kolay ay\u0131rt edilmesine ve kontrast\u0131n peki\u015ftirilmesine olanak tan\u0131r<\/span><\/div>\n<\/td>\n<\/tr>\n<tr class=\"dat-row\">\n<td>\n<div class=\"dat-cell \"><span class=\"txt_bold\">\u00dcr\u00fcn Serisi<\/span><\/div>\n<\/td>\n<td>\n<div class=\"dat-cell dat-cell_specDefinition \"><span class=\"txt\">Securefit<\/span><\/div>\n<\/td>\n<\/tr>\n<tr class=\"dat-row\">\n<td>\n<div class=\"dat-cell \"><span class=\"txt_bold\">\u00dcr\u00fcn Tipi\u00a0<\/span><\/div>\n<\/td>\n<td>\n<div class=\"dat-cell dat-cell_specDefinition \"><span class=\"txt\">Da\u011f\u0131lmaz Cam<\/span><\/div>\n<\/td>\n<\/tr>\n<tr class=\"dat-row\">\n<td>\n<div class=\"dat-cell \"><strong>Standartlar\u00a0<\/strong><\/div>\n<\/td>\n<td>\n<div class=\"dat-cell dat-cell_specDefinition \">CE sertifikas\u0131 , EN 166: 2001<\/div>\n<\/td>\n<\/tr>\n<tr class=\"dat-row\">\n<td>\n<div class=\"dat-cell \"><strong>UV korumas\u0131<\/strong><\/div>\n<\/td>\n<td>\n<div class=\"dat-cell dat-cell_specDefinition \">% 99.9<\/div>\n<\/td>\n<\/tr>\n<\/tbody>\n<\/table>\n<\/div>\n<\/div>\n<\/div>\n<div class=\"tab-detail\">\n<div class=\"tab-head\">\n<h4>\u00dcr\u00fcn Bilgisi<\/h4>\n<\/div>\n<p>3M\u2122 SecureFit\u2122 G\u00fcvenlik g\u00f6zl\u00fc\u011f\u00fc kenars\u0131z bir lens ve sabit uzunluklu saptan olu\u015fur. Ek koruma i\u00e7in bir entegre yan koruma dahil edilmi\u015ftir. Ayr\u0131ca saplar, kulak \u00fczerindeki bas\u0131nc\u0131 da\u011f\u0131tarak \u00e7e\u015fitli i\u015flerde kulak konforunu art\u0131ran 3M Bas\u0131n\u00e7 Da\u011f\u0131tan Sap Teknolojisine sahiptir. Bu yenilik\u00e7i tasar\u0131m daha fazla konfor ve g\u00fcvenli oturma sa\u011flar.<\/p>\n<ul>\n<li>Uzun s\u00fcreli kullan\u0131m i\u00e7in uygun optik s\u0131n\u0131f 1 lens<\/li>\n<li>Tasar\u0131m, m\u00fckemmel kapsam ve iyi g\u00f6r\u00fc\u015f alan\u0131 sunar<\/li>\n<li>Mor \u00f6tesi (UV) radyasyona kar\u015f\u0131 m\u00fckemmel koruma sunar<\/li>\n<li>Hafif tasar\u0131m (18g)<\/li>\n<li>G\u00fcvenli ve rahat oturma i\u00e7in 3M Bas\u0131n\u00e7 Dif\u00fczyon Sap Teknolojisi<\/li>\n<\/ul>\n<\/div>\n<p>&nbsp;<\/p>\n","protected":false},"excerpt":{"rendered":"<p>3m SF201 \u015eeffaf i\u015f G\u00f6zl\u00fc\u011f\u00fc \u00c7er\u00e7eve Rengi \u015eeffaf G\u00f6z Koruma Aral\u0131\u011f\u0131 Klasik Lens \u0130\u015faretleme 2C-1.2 3M 1 FT Lens Kaplama \u00c7izilme \u00d6nleyici ve Yo\u011funla\u015fma \u00d6nleyici Lens Rengi \u015eeffaf NPVI Mktg Evet \u00d6nerilen Sekt\u00f6r Tar\u0131m , Tar\u0131m , Yiyecek ve \u0130\u00e7ecek , G\u0131da End\u00fcstrisi , G\u0131da \u0130\u015fleme, G\u0131da G\u00fcvenli\u011fi \u00d6nerilen Uygulama \u0130n\u015faat , G\u0131da Sanayii ,&#8230;<\/p>\n","protected":false},"featured_media":0,"comment_status":"open","ping_status":"closed","template":"","meta":{"_kad_post_transparent":"default","_kad_post_title":"","_kad_post_layout":"default","_kad_post_sidebar_id":"","_kad_post_content_style":"default","_kad_post_vertical_padding":"default","_kad_post_feature":"","_kad_post_feature_position":"","_kad_post_header":false,"_kad_post_footer":false},"product_cat":[34],"product_tag":[],"class_list":{"0":"post-701","1":"product","2":"type-product","3":"status-publish","5":"product_cat-goz-ve-yuz-koruyucular","7":"first","8":"instock","9":"taxable","10":"shipping-taxable","11":"product-type-simple","12":"entry","13":"content-bg","14":"loop-entry"},"_links":{"self":[{"href":"https:\/\/atlasisguvenligi.com\/index.php?rest_route=\/wp\/v2\/product\/701","targetHints":{"allow":["GET"]}}],"collection":[{"href":"https:\/\/atlasisguvenligi.com\/index.php?rest_route=\/wp\/v2\/product"}],"about":[{"href":"https:\/\/atlasisguvenligi.com\/index.php?rest_route=\/wp\/v2\/types\/product"}],"replies":[{"embeddable":true,"href":"https:\/\/atlasisguvenligi.com\/index.php?rest_route=%2Fwp%2Fv2%2Fcomments&post=701"}],"wp:attachment":[{"href":"https:\/\/atlasisguvenligi.com\/index.php?rest_route=%2Fwp%2Fv2%2Fmedia&parent=701"}],"wp:term":[{"taxonomy":"product_cat","embeddable":true,"href":"https:\/\/atlasisguvenligi.com\/index.php?rest_route=%2Fwp%2Fv2%2Fproduct_cat&post=701"},{"taxonomy":"product_tag","embeddable":true,"href":"https:\/\/atlasisguvenligi.com\/index.php?rest_route=%2Fwp%2Fv2%2Fproduct_tag&post=701"}],"curies":[{"name":"wp","href":"https:\/\/api.w.org\/{rel}","templated":true}]}}